{"id":6505,"date":"2023-03-24T11:56:01","date_gmt":"2023-03-24T10:56:01","guid":{"rendered":"https:\/\/segurahorse.team\/demi-pension-cheval-geneve\/"},"modified":"2025-05-31T18:36:45","modified_gmt":"2025-05-31T16:36:45","slug":"half-board-horse-geneva","status":"publish","type":"page","link":"https:\/\/segurahorse.team\/en\/half-board-horse-geneva\/","title":{"rendered":"Cheval en demi-pension \u00e0 Gen\u00e8ve"},"content":{"rendered":"<p><div class=\"fusion-fullwidth fullwidth-box fusion-builder-row-1 fusion-flex-container nonhundred-percent-fullwidth non-hundred-percent-height-scrolling\" style=\"--awb-border-radius-top-left:0px;--awb-border-radius-top-right:0px;--awb-border-radius-bottom-right:0px;--awb-border-radius-bottom-left:0px;--awb-margin-bottom:30px;--awb-background-color:#ffffff;--awb-flex-wrap:wrap;\" ><div class=\"fusion-builder-row fusion-row fusion-flex-align-items-flex-start fusion-flex-content-wrap\" style=\"max-width:1227.2px;margin-left: calc(-4% \/ 2 );margin-right: calc(-4% \/ 2 );\"><div class=\"fusion-layout-column fusion_builder_column fusion-builder-column-0 fusion_builder_column_1_3 1_3 fusion-flex-column\" style=\"--awb-bg-blend:overlay;--awb-bg-size:cover;--awb-width-large:33.333333333333%;--awb-margin-top-large:0px;--awb-spacing-right-large:5.76%;--awb-margin-bottom-large:40px;--awb-spacing-left-large:5.76%;--awb-width-medium:100%;--awb-spacing-right-medium:1.92%;--awb-spacing-left-medium:1.92%;--awb-width-small:100%;--awb-spacing-right-small:1.92%;--awb-spacing-left-small:1.92%;\"><div class=\"fusion-column-wrapper fusion-column-has-shadow fusion-flex-justify-content-flex-start fusion-content-layout-column\"><div class=\"fusion-title title fusion-title-1 fusion-sep-none fusion-title-text fusion-title-size-one\" style=\"--awb-margin-top-small:0px;--awb-margin-right-small:0px;--awb-margin-bottom-small:20px;--awb-margin-left-small:0px;--awb-font-size:30px;\"><h1 class=\"fusion-title-heading title-heading-left fusion-responsive-typography-calculated\" style=\"margin:0;text-transform:uppercase;font-size:1em;--fontSize:30;line-height:1.5;\"><p><span style=\"line-height: 25px; font-size: 15px; letter-spacing: 1.5px;\" data-fusion-font=\"true\">all you need to know<br \/>\n<\/span>half-board horse in geneva<\/p><\/h1><\/div><div class=\"fusion-separator\" style=\"align-self: flex-start;margin-right:auto;margin-top:-15px;margin-bottom:25px;width:100%;max-width:170px;\"><div class=\"fusion-separator-border sep-single sep-solid\" style=\"--awb-height:20px;--awb-amount:20px;border-color:#e0dede;border-top-width:3px;\"><\/div><\/div><div class=\"fusion-title title fusion-title-2 fusion-sep-none fusion-title-text fusion-title-size-two\" style=\"--awb-margin-top-small:0px;--awb-margin-right-small:0px;--awb-margin-bottom-small:20px;--awb-margin-left-small:0px;--awb-font-size:18px;\"><h2 class=\"fusion-title-heading title-heading-left fusion-responsive-typography-calculated\" style=\"margin:0;font-size:1em;--fontSize:18;--minFontSize:18;line-height:1.5;\">At the Versoix &#8211; La B\u00e2tie Equestrian Center, the Segura Horse Team provides horses on a half-board basis for riders wishing to train regularly and practice ethologically-oriented horseback riding, without spurs or constraints for the horse.<\/h2><\/div><div class=\"fusion-image-element \" style=\"--awb-margin-bottom:10%;--awb-caption-title-font-family:var(--h2_typography-font-family);--awb-caption-title-font-weight:var(--h2_typography-font-weight);--awb-caption-title-font-style:var(--h2_typography-font-style);--awb-caption-title-size:var(--h2_typography-font-size);--awb-caption-title-transform:var(--h2_typography-text-transform);--awb-caption-title-line-height:var(--h2_typography-line-height);--awb-caption-title-letter-spacing:var(--h2_typography-letter-spacing);\"><span class=\" fusion-imageframe imageframe-none imageframe-1 hover-type-none\"><img decoding=\"async\" width=\"950\" height=\"633\" alt=\"Demi-pension \u00e0 Gen\u00e8ve - Cours CSO\" title=\"Cours-e\u0301quitation-saut-obstacle\" src=\"https:\/\/segurahorse.team\/wp-content\/uploads\/2025\/05\/Cours-equitation-saut-obstacle-1.webp\" data-orig-src=\"https:\/\/segurahorse.team\/wp-content\/uploads\/2025\/05\/Cours-equitation-saut-obstacle-1.webp\" class=\"lazyload img-responsive wp-image-7322\" srcset=\"data:image\/svg+xml,%3Csvg%20xmlns%3D%27http%3A%2F%2Fwww.w3.org%2F2000%2Fsvg%27%20width%3D%27950%27%20height%3D%27633%27%20viewBox%3D%270%200%20950%20633%27%3E%3Crect%20width%3D%27950%27%20height%3D%27633%27%20fill-opacity%3D%220%22%2F%3E%3C%2Fsvg%3E\" data-srcset=\"https:\/\/segurahorse.team\/wp-content\/uploads\/2025\/05\/Cours-equitation-saut-obstacle-1-200x133.webp 200w, https:\/\/segurahorse.team\/wp-content\/uploads\/2025\/05\/Cours-equitation-saut-obstacle-1-400x267.webp 400w, https:\/\/segurahorse.team\/wp-content\/uploads\/2025\/05\/Cours-equitation-saut-obstacle-1-600x400.webp 600w, https:\/\/segurahorse.team\/wp-content\/uploads\/2025\/05\/Cours-equitation-saut-obstacle-1-800x533.webp 800w, https:\/\/segurahorse.team\/wp-content\/uploads\/2025\/05\/Cours-equitation-saut-obstacle-1.webp 950w\" data-sizes=\"auto\" data-orig-sizes=\"(max-width: 1024px) 100vw, (max-width: 640px) 100vw, 400px\" \/><\/span><\/div><div class=\"fusion-separator fusion-no-small-visibility fusion-no-medium-visibility fusion-full-width-sep\" style=\"align-self: center;margin-left: auto;margin-right: auto;margin-top:5px;margin-bottom:5px;width:100%;\"><\/div><div style=\"text-align:left;\"><a class=\"fusion-button button-flat button-large button-custom fusion-button-default button-1 fusion-button-default-span fusion-animated\" style=\"--button_bevel_color:#dbb346;--button_accent_color:#000000;--button_border_color:#000000;--button_accent_hover_color:#b3292e;--button_border_hover_color:#b3292e;--button_border_width-top:1px;--button_border_width-right:1px;--button_border_width-bottom:1px;--button_border_width-left:1px;--button-border-radius-top-left:0px;--button-border-radius-top-right:0px;--button-border-radius-bottom-right:0px;--button-border-radius-bottom-left:0px;--button_gradient_top_color:#fbfcfa;--button_gradient_bottom_color:#fbfcfa;--button_gradient_top_color_hover:#fbfcfa;--button_gradient_bottom_color_hover:#fbfcfa;--button_text_transform:uppercase;\" data-animationType=\"bounceIn\" data-animationDuration=\"0.3\" data-animationOffset=\"top-into-view\" target=\"_self\" title=\"CONTACT\" aria-label=\"CONTACT\" href=\"https:\/\/segurahorse.team\/contact\/\"><span class=\"fusion-button-icon-divider button-icon-divider-left\"><i class=\"fa-check fas awb-button__icon awb-button__icon--default\" aria-hidden=\"true\"><\/i><\/span><span class=\"fusion-button-text awb-button__text awb-button__text--default fusion-button-text-left\">CONTACT <\/span><\/a><\/div><div class=\"fusion-separator fusion-no-medium-visibility fusion-full-width-sep\" style=\"align-self: center;margin-left: auto;margin-right: auto;margin-top:5px;margin-bottom:5px;width:100%;\"><\/div><\/div><\/div><div class=\"fusion-layout-column fusion_builder_column fusion-builder-column-1 fusion_builder_column_1_3 1_3 fusion-flex-column\" style=\"--awb-bg-blend:overlay;--awb-bg-size:cover;--awb-width-large:33.333333333333%;--awb-margin-top-large:0px;--awb-spacing-right-large:5.76%;--awb-margin-bottom-large:40px;--awb-spacing-left-large:5.76%;--awb-width-medium:100%;--awb-spacing-right-medium:1.92%;--awb-spacing-left-medium:1.92%;--awb-width-small:100%;--awb-spacing-right-small:1.92%;--awb-margin-bottom-small:0px;--awb-spacing-left-small:1.92%;\"><div class=\"fusion-column-wrapper fusion-column-has-shadow fusion-flex-justify-content-flex-start fusion-content-layout-column\"><div class=\"fusion-text fusion-text-1\"><p><span class=\"fusion-dropcap dropcap\">T<\/span>he half-board program is a practical solution that allows riders to ride an experienced horse without immediately investing in the purchase of a mount. With half board, you will benefit from a customized training adapted to your level and your objectives, thanks to the teaching of the international rider Patricia Segura and the support of her team. Taking a horse on a half-board basis allows you to develop a close relationship with your new partner, to better understand his behavior and therefore to improve your riding technique. &#8220;By working regularly with the same horse, you create a greater complicity with him and you can form a real couple, which will allow you to improve your technique and train more efficiently&#8221;, explains Patricia Segura.<\/p>\n<\/div><div class=\"fusion-title title fusion-title-3 fusion-sep-none fusion-title-text fusion-title-size-four\" style=\"--awb-margin-top-small:0px;--awb-margin-right-small:0px;--awb-margin-bottom-small:20px;--awb-margin-left-small:0px;--awb-font-size:16px;\"><h4 class=\"fusion-title-heading title-heading-left fusion-responsive-typography-calculated\" style=\"margin:0;font-size:1em;--fontSize:16;--minFontSize:16;line-height:1.5;\">A horse on half-board, whether you are a recreational rider or a show jumper<\/h4><\/div><div class=\"fusion-text fusion-text-2\"><p>Whether for leisure or competition riding, the Segura Horse Team offers a unique professional service with all the advantages of a private stable, coupled with an ethological approach that respects the horse&#8217;s well-being.<\/p>\n<\/div><div class=\"fusion-separator fusion-no-small-visibility fusion-no-medium-visibility fusion-full-width-sep\" style=\"align-self: center;margin-left: auto;margin-right: auto;margin-top:15px;margin-bottom:15px;width:100%;\"><\/div><\/div><\/div><div class=\"fusion-layout-column fusion_builder_column fusion-builder-column-2 fusion_builder_column_1_3 1_3 fusion-flex-column\" style=\"--awb-padding-top-small:0px;--awb-bg-size:cover;--awb-width-large:33.333333333333%;--awb-margin-top-large:0px;--awb-spacing-right-large:5.76%;--awb-margin-bottom-large:40px;--awb-spacing-left-large:5.76%;--awb-width-medium:100%;--awb-spacing-right-medium:1.92%;--awb-spacing-left-medium:1.92%;--awb-width-small:100%;--awb-spacing-right-small:1.92%;--awb-margin-bottom-small:0px;--awb-spacing-left-small:1.92%;\"><div class=\"fusion-column-wrapper fusion-column-has-shadow fusion-flex-justify-content-flex-start fusion-content-layout-column\"><div class=\"fusion-text fusion-text-3\"><p>We help you achieve your goals, whether you simply want to improve your riding skills to enjoy safe trail rides in nature or compete in equestrian events in Switzerland and abroad. In the context of show jumping competitions, we prepare you for the different events, transport your horse under a half-board arrangement, and provide coaching throughout.<\/p>\n<\/div><div class=\"fusion-title title fusion-title-4 fusion-sep-none fusion-title-text fusion-title-size-six\" style=\"--awb-margin-top-small:0px;--awb-margin-right-small:0px;--awb-margin-bottom-small:20px;--awb-margin-left-small:0px;--awb-font-size:16px;\"><h6 class=\"fusion-title-heading title-heading-left fusion-responsive-typography-calculated\" style=\"margin:0;font-size:1em;--fontSize:16;--minFontSize:16;line-height:1.5;\">Contact us today to learn more about our available horses<\/h6><\/div><div class=\"fusion-text fusion-text-4\"><p>To find out more about our half board horse offer and to discuss your specific needs, contact us today. We would be delighted to accompany you on your equestrian journey and help you achieve your ambitions.<\/p>\n<\/div><div class=\"fusion-title title fusion-title-5 fusion-sep-none fusion-title-text fusion-title-size-three\" style=\"--awb-margin-top-small:0px;--awb-margin-right-small:0px;--awb-margin-bottom-small:20px;--awb-margin-left-small:0px;--awb-font-size:18px;\"><h3 class=\"fusion-title-heading title-heading-left fusion-responsive-typography-calculated\" style=\"margin:0;font-size:1em;--fontSize:18;--minFontSize:18;line-height:1.5;\">A horse on half board offers many advantages, including the possibility to progress more quickly in your riding.<\/h3><\/div><\/div><\/div><\/div><\/div><div class=\"fusion-fullwidth fullwidth-box fusion-builder-row-2 fusion-flex-container hundred-percent-fullwidth non-hundred-percent-height-scrolling\" style=\"--awb-border-radius-top-left:0px;--awb-border-radius-top-right:0px;--awb-border-radius-bottom-right:0px;--awb-border-radius-bottom-left:0px;--awb-padding-top:0px;--awb-padding-right:0px;--awb-padding-left:0px;--awb-margin-top:0px;--awb-background-color:#fbfcfa;--awb-flex-wrap:wrap;\" ><div class=\"fusion-builder-row fusion-row fusion-flex-align-items-stretch fusion-flex-content-wrap\" style=\"width:calc( 100% + 0px ) !important;max-width:calc( 100% + 0px ) !important;margin-left: calc(-0px \/ 2 );margin-right: calc(-0px \/ 2 );\"><div class=\"fusion-layout-column fusion_builder_column fusion-builder-column-3 fusion_builder_column_1_6 1_6 fusion-flex-column\" style=\"--awb-bg-size:cover;--awb-width-large:16.666666666667%;--awb-margin-top-large:0px;--awb-spacing-right-large:0px;--awb-margin-bottom-large:20px;--awb-spacing-left-large:0px;--awb-width-medium:100%;--awb-order-medium:0;--awb-spacing-right-medium:0px;--awb-spacing-left-medium:0px;--awb-width-small:100%;--awb-order-small:0;--awb-spacing-right-small:0px;--awb-spacing-left-small:0px;\"><div class=\"fusion-column-wrapper fusion-column-has-shadow fusion-flex-justify-content-flex-start fusion-content-layout-column\"><\/div><\/div><div class=\"fusion-layout-column fusion_builder_column fusion-builder-column-4 fusion_builder_column_1_3 1_3 fusion-flex-column\" style=\"--awb-padding-top:80px;--awb-padding-right:40px;--awb-padding-bottom:80px;--awb-padding-left:80px;--awb-bg-color:#fbfcfa;--awb-bg-color-hover:#fbfcfa;--awb-bg-size:cover;--awb-width-large:33.333333333333%;--awb-margin-top-large:0px;--awb-spacing-right-large:0px;--awb-margin-bottom-large:0px;--awb-spacing-left-large:0px;--awb-width-medium:100%;--awb-spacing-right-medium:0px;--awb-spacing-left-medium:0px;--awb-width-small:100%;--awb-spacing-right-small:0px;--awb-spacing-left-small:0px;\"><div class=\"fusion-column-wrapper fusion-flex-justify-content-flex-start fusion-content-layout-column\"><div class=\"fusion-title title fusion-title-6 fusion-sep-none fusion-title-text fusion-title-size-div\" style=\"--awb-text-color:#494c4e;--awb-margin-bottom:40px;--awb-margin-top-small:0px;--awb-margin-right-small:0px;--awb-margin-bottom-small:20px;--awb-margin-left-small:0px;--awb-sep-color:#494c4e;--awb-font-size:30px;\"><div class=\"fusion-title-heading title-heading-left title-heading-tag fusion-responsive-typography-calculated\" style=\"margin:0;font-size:1em;--fontSize:30;line-height:1.5;\"><p style=\"text-align: left;\">Advantages of half-board<\/p><\/div><\/div><div class=\"fusion-separator\" style=\"align-self: flex-start;margin-right:auto;margin-top:-15px;margin-bottom:25px;width:100%;max-width:170px;\"><div class=\"fusion-separator-border sep-single sep-solid\" style=\"--awb-height:20px;--awb-amount:20px;--awb-sep-color:#b3292e;border-color:#b3292e;border-top-width:3px;\"><\/div><\/div><div class=\"fusion-text fusion-text-5\"><ul>\n<li>More time with the same horse<\/li>\n<li>Customized training<\/li>\n<li>Greater speed of progress<\/li>\n<li>Budget without surprises and therefore under control<\/li>\n<li>Access to the facilities<\/li>\n<li>Ideal preliminary step before buying<\/li>\n<\/ul>\n<\/div><div class=\"fusion-separator fusion-no-small-visibility fusion-full-width-sep\" style=\"align-self: center;margin-left: auto;margin-right: auto;margin-top:65px;width:100%;\"><\/div><\/div><\/div><div class=\"fusion-layout-column fusion_builder_column fusion-builder-column-5 fusion_builder_column_1_2 1_2 fusion-flex-column fusion-animated\" style=\"--awb-bg-position:center top;--awb-bg-blend:overlay;--awb-bg-size:cover;--awb-width-large:50%;--awb-margin-top-large:0px;--awb-spacing-right-large:0px;--awb-margin-bottom-large:0px;--awb-spacing-left-large:0px;--awb-width-medium:100%;--awb-order-medium:0;--awb-spacing-right-medium:0px;--awb-spacing-left-medium:0px;--awb-width-small:100%;--awb-order-small:0;--awb-spacing-right-small:0px;--awb-spacing-left-small:0px;\" data-animationType=\"fadeInLeft\" data-animationDuration=\"0.6\" data-animationOffset=\"top-into-view\"><div class=\"fusion-column-wrapper lazyload fusion-column-has-shadow fusion-flex-justify-content-flex-start fusion-content-layout-column fusion-column-has-bg-image\" data-bg-url=\"https:\/\/segurahorse.team\/wp-content\/uploads\/2023\/03\/DEMI-PENSION-CHEVAL-.jpg\" data-bg=\"https:\/\/segurahorse.team\/wp-content\/uploads\/2023\/03\/DEMI-PENSION-CHEVAL-.jpg\"><div class=\"fusion-separator fusion-full-width-sep\" style=\"align-self: center;margin-left: auto;margin-right: auto;flex-grow:10;margin-top:250px;margin-bottom:15px;width:100%;\"><\/div><\/div><\/div><\/div><\/div><div class=\"fusion-fullwidth fullwidth-box fusion-builder-row-3 fusion-flex-container hundred-percent-fullwidth non-hundred-percent-height-scrolling\" style=\"--awb-border-radius-top-left:0px;--awb-border-radius-top-right:0px;--awb-border-radius-bottom-right:0px;--awb-border-radius-bottom-left:0px;--awb-padding-right:0px;--awb-padding-bottom:0px;--awb-padding-left:0px;--awb-margin-bottom:0px;--awb-flex-wrap:wrap;\" ><div class=\"fusion-builder-row fusion-row fusion-flex-align-items-flex-start fusion-flex-content-wrap\" style=\"width:104% !important;max-width:104% !important;margin-left: calc(-4% \/ 2 );margin-right: calc(-4% \/ 2 );\"><div class=\"fusion-layout-column fusion_builder_column fusion-builder-column-6 fusion_builder_column_1_1 1_1 fusion-flex-column\" style=\"--awb-bg-size:cover;--awb-width-large:100%;--awb-margin-top-large:0px;--awb-spacing-right-large:1.92%;--awb-margin-bottom-large:0px;--awb-spacing-left-large:1.92%;--awb-width-medium:100%;--awb-order-medium:0;--awb-spacing-right-medium:1.92%;--awb-spacing-left-medium:1.92%;--awb-width-small:100%;--awb-order-small:0;--awb-spacing-right-small:1.92%;--awb-spacing-left-small:1.92%;\"><div class=\"fusion-column-wrapper fusion-column-has-shadow fusion-flex-justify-content-flex-start fusion-content-layout-column\"><div style=\"text-align:center;\"><a class=\"fusion-button button-flat button-xlarge button-default fusion-button-default button-2 fusion-button-span-yes fusion-button-default-type\" style=\"--awb-margin-top:0px;--awb-margin-right:0px;--awb-margin-bottom:0px;--awb-margin-left:0px;--button-border-radius-top-left:0px;--button-border-radius-top-right:0px;--button-border-radius-bottom-right:0px;--button-border-radius-bottom-left:0px;\" target=\"_self\" href=\"https:\/\/segurahorse.team\/en\/contact\/\"><i class=\"fa-horse-head fas awb-button__icon awb-button__icon--default button-icon-left\" aria-hidden=\"true\"><\/i><span class=\"fusion-button-text awb-button__text awb-button__text--default\">JOIN US NOW<\/span><\/a><\/div><\/div><\/div><\/div><\/div><\/p>\n","protected":false},"excerpt":{"rendered":"","protected":false},"author":1,"featured_media":0,"parent":0,"menu_order":0,"comment_status":"closed","ping_status":"closed","template":"100-width.php","meta":{"footnotes":""},"class_list":["post-6505","page","type-page","status-publish","hentry"],"yoast_head":"<!-- This site is optimized with the Yoast SEO plugin v27.6 - https:\/\/yoast.com\/product\/yoast-seo-wordpress\/ -->\n<title>Half board | Horseback riding Geneva | All you need to know<\/title>\n<meta name=\"description\" content=\"A horse on half board offers many advantages, including the possibility to progress more quickly in your riding. The Segura Horse Team offers horses with half board. Just ask us!\" \/>\n<meta name=\"robots\" content=\"index, follow, max-snippet:-1, max-image-preview:large, max-video-preview:-1\" \/>\n<link rel=\"canonical\" href=\"https:\/\/segurahorse.team\/en\/half-board-horse-geneva\/\" \/>\n<meta property=\"og:locale\" content=\"en_US\" \/>\n<meta property=\"og:type\" content=\"article\" \/>\n<meta property=\"og:title\" content=\"Half board | Horseback riding Geneva | All you need to know\" \/>\n<meta property=\"og:description\" content=\"A horse on half board offers many advantages, including the possibility to progress more quickly in your riding. The Segura Horse Team offers horses with half board. Just ask us!\" \/>\n<meta property=\"og:url\" content=\"https:\/\/segurahorse.team\/en\/half-board-horse-geneva\/\" \/>\n<meta property=\"og:site_name\" content=\"Segura Horse Team\" \/>\n<meta property=\"article:publisher\" content=\"https:\/\/www.facebook.com\/segurahorseteam\/\" \/>\n<meta property=\"article:modified_time\" content=\"2025-05-31T16:36:45+00:00\" \/>\n<script type=\"application\/ld+json\" class=\"yoast-schema-graph\">{\"@context\":\"https:\\\/\\\/schema.org\",\"@graph\":[{\"@type\":\"WebPage\",\"@id\":\"https:\\\/\\\/segurahorse.team\\\/en\\\/half-board-horse-geneva\\\/\",\"url\":\"https:\\\/\\\/segurahorse.team\\\/en\\\/half-board-horse-geneva\\\/\",\"name\":\"Half board | Horseback riding Geneva | All you need to know\",\"isPartOf\":{\"@id\":\"https:\\\/\\\/segurahorse.team\\\/en\\\/#website\"},\"datePublished\":\"2023-03-24T10:56:01+00:00\",\"dateModified\":\"2025-05-31T16:36:45+00:00\",\"description\":\"A horse on half board offers many advantages, including the possibility to progress more quickly in your riding. The Segura Horse Team offers horses with half board. Just ask us!\",\"breadcrumb\":{\"@id\":\"https:\\\/\\\/segurahorse.team\\\/en\\\/half-board-horse-geneva\\\/#breadcrumb\"},\"inLanguage\":\"en-US\",\"potentialAction\":[{\"@type\":\"ReadAction\",\"target\":[\"https:\\\/\\\/segurahorse.team\\\/en\\\/half-board-horse-geneva\\\/\"]}]},{\"@type\":\"BreadcrumbList\",\"@id\":\"https:\\\/\\\/segurahorse.team\\\/en\\\/half-board-horse-geneva\\\/#breadcrumb\",\"itemListElement\":[{\"@type\":\"ListItem\",\"position\":1,\"name\":\"Accueil\",\"item\":\"https:\\\/\\\/segurahorse.team\\\/en\\\/\"},{\"@type\":\"ListItem\",\"position\":2,\"name\":\"Cheval en demi-pension \u00e0 Gen\u00e8ve\"}]},{\"@type\":\"WebSite\",\"@id\":\"https:\\\/\\\/segurahorse.team\\\/en\\\/#website\",\"url\":\"https:\\\/\\\/segurahorse.team\\\/en\\\/\",\"name\":\"Segura Horse Team\",\"description\":\"Une \u00e9curie priv\u00e9e \u00e0 votre service\",\"publisher\":{\"@id\":\"https:\\\/\\\/segurahorse.team\\\/en\\\/#organization\"},\"potentialAction\":[{\"@type\":\"SearchAction\",\"target\":{\"@type\":\"EntryPoint\",\"urlTemplate\":\"https:\\\/\\\/segurahorse.team\\\/en\\\/?s={search_term_string}\"},\"query-input\":{\"@type\":\"PropertyValueSpecification\",\"valueRequired\":true,\"valueName\":\"search_term_string\"}}],\"inLanguage\":\"en-US\"},{\"@type\":\"Organization\",\"@id\":\"https:\\\/\\\/segurahorse.team\\\/en\\\/#organization\",\"name\":\"SEGURA HORSE TEAM\",\"url\":\"https:\\\/\\\/segurahorse.team\\\/en\\\/\",\"logo\":{\"@type\":\"ImageObject\",\"inLanguage\":\"en-US\",\"@id\":\"https:\\\/\\\/segurahorse.team\\\/en\\\/#\\\/schema\\\/logo\\\/image\\\/\",\"url\":\"https:\\\/\\\/segurahorse.team\\\/wp-content\\\/uploads\\\/2019\\\/06\\\/SHT_logo_300.png\",\"contentUrl\":\"https:\\\/\\\/segurahorse.team\\\/wp-content\\\/uploads\\\/2019\\\/06\\\/SHT_logo_300.png\",\"width\":300,\"height\":115,\"caption\":\"SEGURA HORSE TEAM\"},\"image\":{\"@id\":\"https:\\\/\\\/segurahorse.team\\\/en\\\/#\\\/schema\\\/logo\\\/image\\\/\"},\"sameAs\":[\"https:\\\/\\\/www.facebook.com\\\/segurahorseteam\\\/\",\"https:\\\/\\\/www.instagram.com\\\/segurahorseteam\\\/\"]}]}<\/script>\n<!-- \/ Yoast SEO plugin. -->","yoast_head_json":{"title":"Half board | Horseback riding Geneva | All you need to know","description":"A horse on half board offers many advantages, including the possibility to progress more quickly in your riding. The Segura Horse Team offers horses with half board. Just ask us!","robots":{"index":"index","follow":"follow","max-snippet":"max-snippet:-1","max-image-preview":"max-image-preview:large","max-video-preview":"max-video-preview:-1"},"canonical":"https:\/\/segurahorse.team\/en\/half-board-horse-geneva\/","og_locale":"en_US","og_type":"article","og_title":"Half board | Horseback riding Geneva | All you need to know","og_description":"A horse on half board offers many advantages, including the possibility to progress more quickly in your riding. The Segura Horse Team offers horses with half board. Just ask us!","og_url":"https:\/\/segurahorse.team\/en\/half-board-horse-geneva\/","og_site_name":"Segura Horse Team","article_publisher":"https:\/\/www.facebook.com\/segurahorseteam\/","article_modified_time":"2025-05-31T16:36:45+00:00","schema":{"@context":"https:\/\/schema.org","@graph":[{"@type":"WebPage","@id":"https:\/\/segurahorse.team\/en\/half-board-horse-geneva\/","url":"https:\/\/segurahorse.team\/en\/half-board-horse-geneva\/","name":"Half board | Horseback riding Geneva | All you need to know","isPartOf":{"@id":"https:\/\/segurahorse.team\/en\/#website"},"datePublished":"2023-03-24T10:56:01+00:00","dateModified":"2025-05-31T16:36:45+00:00","description":"A horse on half board offers many advantages, including the possibility to progress more quickly in your riding. The Segura Horse Team offers horses with half board. Just ask us!","breadcrumb":{"@id":"https:\/\/segurahorse.team\/en\/half-board-horse-geneva\/#breadcrumb"},"inLanguage":"en-US","potentialAction":[{"@type":"ReadAction","target":["https:\/\/segurahorse.team\/en\/half-board-horse-geneva\/"]}]},{"@type":"BreadcrumbList","@id":"https:\/\/segurahorse.team\/en\/half-board-horse-geneva\/#breadcrumb","itemListElement":[{"@type":"ListItem","position":1,"name":"Accueil","item":"https:\/\/segurahorse.team\/en\/"},{"@type":"ListItem","position":2,"name":"Cheval en demi-pension \u00e0 Gen\u00e8ve"}]},{"@type":"WebSite","@id":"https:\/\/segurahorse.team\/en\/#website","url":"https:\/\/segurahorse.team\/en\/","name":"Segura Horse Team","description":"Une \u00e9curie priv\u00e9e \u00e0 votre service","publisher":{"@id":"https:\/\/segurahorse.team\/en\/#organization"},"potentialAction":[{"@type":"SearchAction","target":{"@type":"EntryPoint","urlTemplate":"https:\/\/segurahorse.team\/en\/?s={search_term_string}"},"query-input":{"@type":"PropertyValueSpecification","valueRequired":true,"valueName":"search_term_string"}}],"inLanguage":"en-US"},{"@type":"Organization","@id":"https:\/\/segurahorse.team\/en\/#organization","name":"SEGURA HORSE TEAM","url":"https:\/\/segurahorse.team\/en\/","logo":{"@type":"ImageObject","inLanguage":"en-US","@id":"https:\/\/segurahorse.team\/en\/#\/schema\/logo\/image\/","url":"https:\/\/segurahorse.team\/wp-content\/uploads\/2019\/06\/SHT_logo_300.png","contentUrl":"https:\/\/segurahorse.team\/wp-content\/uploads\/2019\/06\/SHT_logo_300.png","width":300,"height":115,"caption":"SEGURA HORSE TEAM"},"image":{"@id":"https:\/\/segurahorse.team\/en\/#\/schema\/logo\/image\/"},"sameAs":["https:\/\/www.facebook.com\/segurahorseteam\/","https:\/\/www.instagram.com\/segurahorseteam\/"]}]}},"_links":{"self":[{"href":"https:\/\/segurahorse.team\/en\/wp-json\/wp\/v2\/pages\/6505","targetHints":{"allow":["GET"]}}],"collection":[{"href":"https:\/\/segurahorse.team\/en\/wp-json\/wp\/v2\/pages"}],"about":[{"href":"https:\/\/segurahorse.team\/en\/wp-json\/wp\/v2\/types\/page"}],"author":[{"embeddable":true,"href":"https:\/\/segurahorse.team\/en\/wp-json\/wp\/v2\/users\/1"}],"replies":[{"embeddable":true,"href":"https:\/\/segurahorse.team\/en\/wp-json\/wp\/v2\/comments?post=6505"}],"version-history":[{"count":0,"href":"https:\/\/segurahorse.team\/en\/wp-json\/wp\/v2\/pages\/6505\/revisions"}],"wp:attachment":[{"href":"https:\/\/segurahorse.team\/en\/wp-json\/wp\/v2\/media?parent=6505"}],"curies":[{"name":"wp","href":"https:\/\/api.w.org\/{rel}","templated":true}]}}